{"id":9578,"date":"2025-02-26T14:28:12","date_gmt":"2025-02-26T13:28:12","guid":{"rendered":"https:\/\/sturehof.com\/en\/?page_id=9578"},"modified":"2026-05-07T16:43:33","modified_gmt":"2026-05-07T14:43:33","slug":"assiette-days-at-sturehof","status":"publish","type":"page","link":"https:\/\/sturehof.com\/en\/assiette-days-at-sturehof\/","title":{"rendered":"Assiette Days at Sturehof"},"content":{"rendered":"\n\n\t\t\t\t<img decoding=\"async\" src=\"https:\/\/sturehof.com\/en\/wp-content\/uploads\/sites\/2\/2025\/05\/sturehof-assiettdagar-hero.jpg\"\n\t\t\t\t     alt=\"Hero banner\"\/>\n\t\t\t\t\t\t\t\t\t<h1>Assiette Days at Sturehof<\/h1>\n\t\t\t\t\t\t<p>At Sturehof, we have a long-standing tradition where we, together with our guests, welcome the Swedish summer at the beginning of June &#8211; a proud tradition we call Assiette Days. During these days, we give you the opportunity to taste the very best that Swedish gastronomy has to offer. This years Assiette Days take place in the beginning of June, read more down below.<\/p>\t\t\t\t\t\n\t\t\t\t\t\t\t\t\t\t\t\t\t\t\t\t\t\t<ul>\n\t\t\t\t\t\t\t\t\t\t\t\t\t\t\t\t\t\t\t\t\t\t\t\t\t\t\t\t\t\t\t\t\t\t<li>\n\t\t\t\t\t\t\t\t<a\n                                   href=\"https:\/\/app.waiteraid.com\/reservation\/?hash=07415d5b4d24177e713964f3bc75eeaf&#038;lang=en&#038;_gl=1*zyql4r*_gcl_au*MTU5MjQyMjIyMS4xNzMzMTM0Njg3*_ga*NTAzNzMxODEyLjE3MDk1NjEzNDY.*_ga_JF6F26HDY3*MTc0MDU3MzQxMC4yNS4xLjE3NDA1NzM2MjEuNDYuMC4w\" =>Book a table<\/a>\n\t\t\t\t\t\t\t<\/li>\n\t\t\t\t\t\t\t\t\t\t\t<\/ul>\n<figure itemscope itemtype=\"https:\/\/schema.org\/ImageObject\">\n\t\t\t\t<img decoding=\"async\" src=\"https:\/\/sturehof.com\/en\/wp-content\/uploads\/sites\/2\/2026\/05\/sturehof-snaps-assiettdagar-webb.png\" alt=\"sturehof-snaps-assiettdagar-webb\" height=\"600\" width=\"1000\" title=\"sturehof-snaps-assiettdagar-webb\" onerror=\"this.style.display='none'\" loading=\"lazy\" \/>\n\t<\/figure>\n<h2>\n\t\t\tSnaps &#038; Assiette Days 2026\t<\/h2>\n\t<p>On June 2-4, 2026, we welcome you to discover a wide selection of platters featuring fish, shellfish, meat, and vegetarian options, all accompanied by a carefully curated range of Swedish and Danish aquavits. Among these you will also find Sturehof&#8217;s very own aquavit, developed in collaboration with the legendary Aalborg distillery in Copenhagen.<\/p>\n<p><strong>Menu June 2-4, 2026 (subject to change)<\/strong><\/p>\n<p><strong>Sturehof&#8217;s Luxury Platter 545 SEK<\/strong><\/p>\n<p>Potato pancakes with 10 g Baerii caviar, cr\u00e8me fra\u00eeche and red onion<\/p>\n<p>Lobster tartlet with brown butter, horseradish and dill<\/p>\n<p>Smoked eel with creamy egg, truffle and hollandaise sauce<\/p>\n<p>Toast Pelle Janzon with quail egg<\/p>\n<p>V\u00e4sterbotten cheese croquette with white asparagus and Kalix bleak roe<\/p>\n<p>&nbsp;<\/p>\n\t<p><strong>Or choose 3 or 5 platters 210\/325 SEK<\/strong><\/p>\n<p><em>Herring<\/em><\/p>\n<p>Sturehof herring<\/p>\n<p>Matjes herring<\/p>\n<p>Dill and V\u00e4sterbotten cheese herring<\/p>\n<p>Wild garlic herring<\/p>\n<p>Mustard herring<\/p>\n<p>Rhubarb and vanilla herring<\/p>\n<p>Fried pickled sprat<\/p>\n<p>Archipelago-style sprat<\/p>\n<p><em>Fish &amp; Shellfish<\/em><\/p>\n<p>Skagen mix on crispbread<\/p>\n<p>\u00d6jeby mix on baguette<\/p>\n<p>Fried potato with bleak roe<\/p>\n<p>Salmon tartare, chili and cucumber<\/p>\n<p>Small Dalar\u00f6 open sandwich<\/p>\n<p>Norway lobster bisque<\/p>\n<p>Roasted corn with crab dip<\/p>\n<p>&nbsp;<\/p>\n\t<p>&nbsp;<\/p>\n<p><em>Meat &amp; Charcuterie<\/em><\/p>\n<p>Steak tartare<\/p>\n<p>Pressed duck leg with wild garlic<\/p>\n<p>Charcuterie with pickles<\/p>\n<p>Smoked reindeer with horseradish and chives<\/p>\n<p>Chicken croquette with Caesar dressing<\/p>\n<p>Black pudding with pork<\/p>\n<p>Porter-cured beef tenderloin with bleak roe<\/p>\n<p><em>Vegetables &amp; Vegetarian<\/em><\/p>\n<p>White asparagus with hollandaise sauce<\/p>\n<p>Petit choux with cheddar and truffle<\/p>\n<p>Mushroom arancini with tomato sauce<\/p>\n<p>Tarte flamb\u00e9e with Jerusalem artichoke<\/p>\n<p>Green tomato soup<\/p>\n<p>Goat&#8217;s cheese with almonds and honey<\/p>\n<p>Dessert Platter for Two 255 SEK<\/p>\n<p>Princess cake<\/p>\n<p>Rhubarb sorbet<\/p>\n<p>Burnt manchego with almond<\/p>\n<p>Pavlova with strawberries<\/p>\n<p>Milk chocolate cr\u00e8me br\u00fbl\u00e9e<\/p>\n<h2>\n\t\t\tThe History of the Assiette Days\t<\/h2>\n\t<p>The first time we served our assiettes was in 1995, and it was our then head chef, Pelle Stur\u00e9n, who initiated it and created the menu. He wanted to reintroduce the old tradition of serving classic Swedish dishes in smaller, more appealing portions.<\/p>\n<p><em>&#8220;Serving assiettes, or &#8216;gaffelbitar&#8217; as they have also been called, is an ancient tradition in the history of Swedish restaurant cuisine. It has been done ever since Swedish gastronomy and pub culture were born. I think our Assiette Days are days that everyone should experience. It&#8217;s fantastic to sit together and share exquisite small dishes; there&#8217;s no better occasion to experience the best of Swedish food culture!&#8221;<\/em> says Pelle Stur\u00e9n, who still works at Sturehof today.<\/p>\n<p>Initially, our Assiette Days took place during the winter, but around 2005 we realized it would be much nicer to move the event to early summer. Since then, this has become a standing and important tradition for both us and our guests, where we together celebrate the summer with good, classic Swedish food.<\/p>\n<figure itemscope itemtype=\"https:\/\/schema.org\/ImageObject\">\n\t\t\t\t<img decoding=\"async\" src=\"https:\/\/sturehof.com\/en\/wp-content\/uploads\/sites\/2\/2025\/02\/assiettdagarna_webb.jpg\" alt=\"assiettdagarna_webb\" height=\"690\" width=\"1080\" title=\"assiettdagarna_webb\" onerror=\"this.style.display='none'\" loading=\"lazy\" \/>\n\t<\/figure>\n<h3>\n\t\t\tWe Offer Assiettes All Year-Round\t<\/h3>\n\t<p>We always have a few assiettes on the menu, but during Assiette Days, we have a menu filled with many different assiettes to choose from. Warm welcome to Sturehof to enjoy Swedish gastronomy &#8211; during our Assiette Days, and all other days of the year!<\/p>\n\t\t\t<a href=\"https:\/\/app.waiteraid.com\/reservation\/?hash=07415d5b4d24177e713964f3bc75eeaf&#038;lang=en&#038;_gl=1*zyql4r*_gcl_au*MTU5MjQyMjIyMS4xNzMzMTM0Njg3*_ga*NTAzNzMxODEyLjE3MDk1NjEzNDY.*_ga_JF6F26HDY3*MTc0MDU3MzQxMC4yNS4xLjE3NDA1NzM2MjEuNDYuMC4w\"  target=\"_self\">\n\t\t\t\t\t\t\tBook a table\n\t\t\t\t\t<\/a>\n\n","protected":false},"excerpt":{"rendered":"<p>Assiette Days at Sturehof At Sturehof, we have a long-standing tradition where we, together with our guests, welcome the Swedish summer at the beginning of June &#8211; a proud tradition we call Assiette Days. During these days, we give you the opportunity to taste the very best that Swedish gastronomy has to offer. This years [&hellip;]<\/p>\n","protected":false},"author":31,"featured_media":0,"parent":0,"menu_order":0,"comment_status":"closed","ping_status":"closed","template":"","meta":{"_acf_changed":false,"footnotes":""},"class_list":["post-9578","page","type-page","status-publish","hentry"],"acf":[],"yoast_head":"<!-- This site is optimized with the Yoast SEO plugin v27.2 - https:\/\/yoast.com\/product\/yoast-seo-wordpress\/ -->\n<title>Assiette Days at Sturehof - Sturehof EN<\/title>\n<meta name=\"robots\" content=\"noindex, follow, max-snippet:-1, max-image-preview:large, max-video-preview:-1\" \/>\n<meta property=\"og:locale\" content=\"en_US\" \/>\n<meta property=\"og:type\" content=\"article\" \/>\n<meta property=\"og:title\" content=\"Assiette Days at Sturehof - Sturehof EN\" \/>\n<meta property=\"og:description\" content=\"Assiette Days at Sturehof At Sturehof, we have a long-standing tradition where we, together with our guests, welcome the Swedish summer at the beginning of June &#8211; a proud tradition we call Assiette Days. During these days, we give you the opportunity to taste the very best that Swedish gastronomy has to offer. This years [&hellip;]\" \/>\n<meta property=\"og:url\" content=\"https:\/\/sturehof.com\/en\/assiette-days-at-sturehof\/\" \/>\n<meta property=\"og:site_name\" content=\"Sturehof EN\" \/>\n<meta property=\"article:modified_time\" content=\"2026-05-07T14:43:33+00:00\" \/>\n<meta property=\"og:image\" content=\"https:\/\/sturehof.com\/en\/wp-content\/uploads\/sites\/2\/2025\/05\/sturehof-assiettdagar-hero.jpg\" \/>\n<meta name=\"twitter:card\" content=\"summary_large_image\" \/>\n<meta name=\"twitter:label1\" content=\"Est. reading time\" \/>\n\t<meta name=\"twitter:data1\" content=\"2 minutes\" \/>\n<script type=\"application\/ld+json\" class=\"yoast-schema-graph\">{\"@context\":\"https:\/\/schema.org\",\"@graph\":[{\"@type\":\"WebPage\",\"@id\":\"https:\/\/sturehof.com\/en\/assiette-days-at-sturehof\/\",\"url\":\"https:\/\/sturehof.com\/en\/assiette-days-at-sturehof\/\",\"name\":\"Assiette Days at Sturehof - Sturehof EN\",\"isPartOf\":{\"@id\":\"https:\/\/sturehof.com\/en\/#website\"},\"primaryImageOfPage\":{\"@id\":\"https:\/\/sturehof.com\/en\/assiette-days-at-sturehof\/#primaryimage\"},\"image\":{\"@id\":\"https:\/\/sturehof.com\/en\/assiette-days-at-sturehof\/#primaryimage\"},\"thumbnailUrl\":\"https:\/\/sturehof.com\/en\/wp-content\/uploads\/sites\/2\/2025\/05\/sturehof-assiettdagar-hero.jpg\",\"datePublished\":\"2025-02-26T13:28:12+00:00\",\"dateModified\":\"2026-05-07T14:43:33+00:00\",\"breadcrumb\":{\"@id\":\"https:\/\/sturehof.com\/en\/assiette-days-at-sturehof\/#breadcrumb\"},\"inLanguage\":\"en-US\",\"potentialAction\":[{\"@type\":\"ReadAction\",\"target\":[\"https:\/\/sturehof.com\/en\/assiette-days-at-sturehof\/\"]}]},{\"@type\":\"ImageObject\",\"inLanguage\":\"en-US\",\"@id\":\"https:\/\/sturehof.com\/en\/assiette-days-at-sturehof\/#primaryimage\",\"url\":\"https:\/\/sturehof.com\/en\/wp-content\/uploads\/sites\/2\/2025\/05\/sturehof-assiettdagar-hero.jpg\",\"contentUrl\":\"https:\/\/sturehof.com\/en\/wp-content\/uploads\/sites\/2\/2025\/05\/sturehof-assiettdagar-hero.jpg\",\"width\":1280,\"height\":385},{\"@type\":\"BreadcrumbList\",\"@id\":\"https:\/\/sturehof.com\/en\/assiette-days-at-sturehof\/#breadcrumb\",\"itemListElement\":[{\"@type\":\"ListItem\",\"position\":1,\"name\":\"Home\",\"item\":\"https:\/\/sturehof.com\/en\/\"},{\"@type\":\"ListItem\",\"position\":2,\"name\":\"Assiette Days at Sturehof\"}]},{\"@type\":\"WebSite\",\"@id\":\"https:\/\/sturehof.com\/en\/#website\",\"url\":\"https:\/\/sturehof.com\/en\/\",\"name\":\"Sturehof EN\",\"description\":\"\",\"publisher\":{\"@id\":\"https:\/\/sturehof.com\/en\/#organization\"},\"potentialAction\":[{\"@type\":\"SearchAction\",\"target\":{\"@type\":\"EntryPoint\",\"urlTemplate\":\"https:\/\/sturehof.com\/en\/?s={search_term_string}\"},\"query-input\":{\"@type\":\"PropertyValueSpecification\",\"valueRequired\":true,\"valueName\":\"search_term_string\"}}],\"inLanguage\":\"en-US\"},{\"@type\":\"Organization\",\"@id\":\"https:\/\/sturehof.com\/en\/#organization\",\"name\":\"Sturehof EN\",\"url\":\"https:\/\/sturehof.com\/en\/\",\"logo\":{\"@type\":\"ImageObject\",\"inLanguage\":\"en-US\",\"@id\":\"https:\/\/sturehof.com\/en\/#\/schema\/logo\/image\/\",\"url\":\"https:\/\/sturehof.com\/en\/wp-content\/uploads\/sites\/2\/2022\/08\/cropped-Sturehof_fisk.png\",\"contentUrl\":\"https:\/\/sturehof.com\/en\/wp-content\/uploads\/sites\/2\/2022\/08\/cropped-Sturehof_fisk.png\",\"width\":513,\"height\":513,\"caption\":\"Sturehof EN\"},\"image\":{\"@id\":\"https:\/\/sturehof.com\/en\/#\/schema\/logo\/image\/\"}}]}<\/script>\n<!-- \/ Yoast SEO plugin. -->","yoast_head_json":{"title":"Assiette Days at Sturehof - Sturehof EN","robots":{"index":"noindex","follow":"follow","max-snippet":"max-snippet:-1","max-image-preview":"max-image-preview:large","max-video-preview":"max-video-preview:-1"},"og_locale":"en_US","og_type":"article","og_title":"Assiette Days at Sturehof - Sturehof EN","og_description":"Assiette Days at Sturehof At Sturehof, we have a long-standing tradition where we, together with our guests, welcome the Swedish summer at the beginning of June &#8211; a proud tradition we call Assiette Days. During these days, we give you the opportunity to taste the very best that Swedish gastronomy has to offer. This years [&hellip;]","og_url":"https:\/\/sturehof.com\/en\/assiette-days-at-sturehof\/","og_site_name":"Sturehof EN","article_modified_time":"2026-05-07T14:43:33+00:00","og_image":[{"url":"https:\/\/sturehof.com\/en\/wp-content\/uploads\/sites\/2\/2025\/05\/sturehof-assiettdagar-hero.jpg","type":"","width":"","height":""}],"twitter_card":"summary_large_image","twitter_misc":{"Est. reading time":"2 minutes"},"schema":{"@context":"https:\/\/schema.org","@graph":[{"@type":"WebPage","@id":"https:\/\/sturehof.com\/en\/assiette-days-at-sturehof\/","url":"https:\/\/sturehof.com\/en\/assiette-days-at-sturehof\/","name":"Assiette Days at Sturehof - Sturehof EN","isPartOf":{"@id":"https:\/\/sturehof.com\/en\/#website"},"primaryImageOfPage":{"@id":"https:\/\/sturehof.com\/en\/assiette-days-at-sturehof\/#primaryimage"},"image":{"@id":"https:\/\/sturehof.com\/en\/assiette-days-at-sturehof\/#primaryimage"},"thumbnailUrl":"https:\/\/sturehof.com\/en\/wp-content\/uploads\/sites\/2\/2025\/05\/sturehof-assiettdagar-hero.jpg","datePublished":"2025-02-26T13:28:12+00:00","dateModified":"2026-05-07T14:43:33+00:00","breadcrumb":{"@id":"https:\/\/sturehof.com\/en\/assiette-days-at-sturehof\/#breadcrumb"},"inLanguage":"en-US","potentialAction":[{"@type":"ReadAction","target":["https:\/\/sturehof.com\/en\/assiette-days-at-sturehof\/"]}]},{"@type":"ImageObject","inLanguage":"en-US","@id":"https:\/\/sturehof.com\/en\/assiette-days-at-sturehof\/#primaryimage","url":"https:\/\/sturehof.com\/en\/wp-content\/uploads\/sites\/2\/2025\/05\/sturehof-assiettdagar-hero.jpg","contentUrl":"https:\/\/sturehof.com\/en\/wp-content\/uploads\/sites\/2\/2025\/05\/sturehof-assiettdagar-hero.jpg","width":1280,"height":385},{"@type":"BreadcrumbList","@id":"https:\/\/sturehof.com\/en\/assiette-days-at-sturehof\/#breadcrumb","itemListElement":[{"@type":"ListItem","position":1,"name":"Home","item":"https:\/\/sturehof.com\/en\/"},{"@type":"ListItem","position":2,"name":"Assiette Days at Sturehof"}]},{"@type":"WebSite","@id":"https:\/\/sturehof.com\/en\/#website","url":"https:\/\/sturehof.com\/en\/","name":"Sturehof EN","description":"","publisher":{"@id":"https:\/\/sturehof.com\/en\/#organization"},"potentialAction":[{"@type":"SearchAction","target":{"@type":"EntryPoint","urlTemplate":"https:\/\/sturehof.com\/en\/?s={search_term_string}"},"query-input":{"@type":"PropertyValueSpecification","valueRequired":true,"valueName":"search_term_string"}}],"inLanguage":"en-US"},{"@type":"Organization","@id":"https:\/\/sturehof.com\/en\/#organization","name":"Sturehof EN","url":"https:\/\/sturehof.com\/en\/","logo":{"@type":"ImageObject","inLanguage":"en-US","@id":"https:\/\/sturehof.com\/en\/#\/schema\/logo\/image\/","url":"https:\/\/sturehof.com\/en\/wp-content\/uploads\/sites\/2\/2022\/08\/cropped-Sturehof_fisk.png","contentUrl":"https:\/\/sturehof.com\/en\/wp-content\/uploads\/sites\/2\/2022\/08\/cropped-Sturehof_fisk.png","width":513,"height":513,"caption":"Sturehof EN"},"image":{"@id":"https:\/\/sturehof.com\/en\/#\/schema\/logo\/image\/"}}]}},"_links":{"self":[{"href":"https:\/\/sturehof.com\/en\/wp-json\/wp\/v2\/pages\/9578","targetHints":{"allow":["GET"]}}],"collection":[{"href":"https:\/\/sturehof.com\/en\/wp-json\/wp\/v2\/pages"}],"about":[{"href":"https:\/\/sturehof.com\/en\/wp-json\/wp\/v2\/types\/page"}],"author":[{"embeddable":true,"href":"https:\/\/sturehof.com\/en\/wp-json\/wp\/v2\/users\/31"}],"replies":[{"embeddable":true,"href":"https:\/\/sturehof.com\/en\/wp-json\/wp\/v2\/comments?post=9578"}],"version-history":[{"count":5,"href":"https:\/\/sturehof.com\/en\/wp-json\/wp\/v2\/pages\/9578\/revisions"}],"predecessor-version":[{"id":15952,"href":"https:\/\/sturehof.com\/en\/wp-json\/wp\/v2\/pages\/9578\/revisions\/15952"}],"wp:attachment":[{"href":"https:\/\/sturehof.com\/en\/wp-json\/wp\/v2\/media?parent=9578"}],"curies":[{"name":"wp","href":"https:\/\/api.w.org\/{rel}","templated":true}]}}