{"id":3870,"date":"2022-04-05T12:46:07","date_gmt":"2022-04-05T10:46:07","guid":{"rendered":"https:\/\/sturehof.com\/en\/?page_id=3870"},"modified":"2025-10-01T12:11:19","modified_gmt":"2025-10-01T10:11:19","slug":"about-us","status":"publish","type":"page","link":"https:\/\/sturehof.com\/en\/about-us\/","title":{"rendered":"About us"},"content":{"rendered":"\n\n\t\t\t\t<img decoding=\"async\" src=\"https:\/\/sturehof.com\/en\/wp-content\/uploads\/sites\/2\/2022\/05\/Stirehof_om_oss_image.jpg\"\n\t\t\t\t     alt=\"Hero banner\"\/>\n\t\t\t\t\t\t\t\t\t<h1>More than a restaurant<\/h1>\n\t\t\t\t\t\t<p>Sturehof, which opened in 1897, is a modern social hub in central Stockholm and is in the centre of Stureplan. A brasserie with Swedish influences, self-produced ingredients, and a vibrant cultural scene, Sturehof opens in the early morning to late at night, 365 days a year..<\/p>\t\t\t\t\t\n\t<h2>Our history<\/h2>\n<p>Sturehof&#8217;s history began in 1897 when Ernst Marcus opened the Malta beer house. In 1905 the name was changed to Sturehof and the restaurant was run as a family business until 1976. The modern Sturehof had its beginning in the early &#8217;90s when a group of friends consisting of Pg Nilsson, the brothers Pelle and Bj\u00f6rn Stur\u00e9n, the designer Jonas Bohlin, the photographer Bruno Ehrs and the author Peter Kihlg\u00e5rd came together on a night out in Stockholm and began to make plans. They wanted to update Sturehof from top to bottom, inside and out &#8211; to modernize the Stureplan institution and launch it into the future. The menu would be updated, as would the interior, and art would be an integral part of the experience.<\/p>\n<h2>\n\t\t&#8221;\n\t<\/h2>\n\t<p>It is a place that attracts people who not only settle for good food but also seek vibrancy in atmosphere and experience.<\/p>\n\t<p>The updated concept was a success &#8211; but a lot has happened since the 90s. The Sturehof of today is a natural part of Stockholm&#8217;s restaurant and nightlife. People come here to enjoy a lunch with colleagues, take a luxurious seafood plateau, drink champagne after a theatre production at Dramaten or participate in annual Swedish traditions such as the crayfish party (kr\u00e4ftskiva) and the premiere of eating fermented herring (surstr\u00f6mming). It is a place that attracts people who not only settle for good food but also seek vibrancy in atmosphere and experience.<\/p>\n\t\t\t\n\t\t\t<source media=\"(max-width: 768px)\"\n\t\t\t\tsrcset=\"\"\/>\n\t\t\t<source media=\"(max-width: 992px)\"\n\t\t\t\tsrcset=\"\"\/>\n\t\t\t<source media=\"(min-width: 993px)\"\n\t\t\t\tsrcset=\"https:\/\/sturehof.com\/en\/wp-content\/uploads\/sites\/2\/2022\/04\/Sturehof.se-Rectangle-217.png\"\/>\n\t\t\t<img decoding=\"async\" src=\"https:\/\/sturehof.com\/en\/wp-content\/uploads\/sites\/2\/2022\/04\/Sturehof.se-Rectangle-217.png\" alt=\"\" title=\"Sturehof.se-Rectangle-217\"\/>\n\t\t\n\t\t\t<h2>For larger parties<\/h2>\n\t\t\t\t<p>On our upper floor, we offer four exclusive private rooms with large, beautiful windows overlooking the vibrant Stureplan. The lounges can accommodate groups of 10 to 180 guests, making them perfect for larger dinners, lunches, parties, events, team kick-offs, or a cozy gathering with friends.<\/p>\t\t\t\n\t\t\t\t\t\t\t<ul>\n\t\t\t\t\t\t\t\t\t\t\t<li><a\n\t\t\t\t\t\t       href=\"https:\/\/sturehof.com\/en\/for-larger-parties\/\">Read more<\/a><\/li>\n\t\t\t\t\t\t\t\t\t<\/ul>\n<h2>\n\t\tWe are a big family!\n\t<\/h2>\n\t<p><a href=\"https:\/\/svenskabrasserier.se\/\">Svenska Brasserier<\/a> is behind some of the country&#8217;s best and most interesting restaurant concepts. We have large restaurants with many tables and generous opening hours, our food is based on Swedish gastronomy and aesthetics.<\/p>\n<p>There are great opportunities within the company and we are proud of the wonderful community that exists among our employees. You get extensive benefits in a serious company and to us, it&#8217;s important that we have fun at work together. Svenska Brasserier has a set of values \u200b\u200bbased on the word&#8217;s generosity, accessibility, credibility and entertaining.<\/p>\n\n","protected":false},"excerpt":{"rendered":"<p>More than a restaurant Sturehof, which opened in 1897, is a modern social hub in central Stockholm and is in the centre of Stureplan. A brasserie with Swedish influences, self-produced ingredients, and a vibrant cultural scene, Sturehof opens in the early morning to late at night, 365 days a year.. Our history Sturehof&#8217;s history began [&hellip;]<\/p>\n","protected":false},"author":2,"featured_media":0,"parent":0,"menu_order":0,"comment_status":"closed","ping_status":"closed","template":"","meta":{"_acf_changed":false,"footnotes":""},"class_list":["post-3870","page","type-page","status-publish","hentry"],"acf":[],"yoast_head":"<!-- This site is optimized with the Yoast SEO plugin v27.2 - https:\/\/yoast.com\/product\/yoast-seo-wordpress\/ -->\n<title>About us - Sturehof EN<\/title>\n<meta name=\"robots\" content=\"noindex, follow, max-snippet:-1, max-image-preview:large, max-video-preview:-1\" \/>\n<meta property=\"og:locale\" content=\"en_US\" \/>\n<meta property=\"og:type\" content=\"article\" \/>\n<meta property=\"og:title\" content=\"About us - Sturehof EN\" \/>\n<meta property=\"og:description\" content=\"More than a restaurant Sturehof, which opened in 1897, is a modern social hub in central Stockholm and is in the centre of Stureplan. A brasserie with Swedish influences, self-produced ingredients, and a vibrant cultural scene, Sturehof opens in the early morning to late at night, 365 days a year.. Our history Sturehof&#8217;s history began [&hellip;]\" \/>\n<meta property=\"og:url\" content=\"https:\/\/sturehof.com\/en\/about-us\/\" \/>\n<meta property=\"og:site_name\" content=\"Sturehof EN\" \/>\n<meta property=\"article:modified_time\" content=\"2025-10-01T10:11:19+00:00\" \/>\n<meta property=\"og:image\" content=\"https:\/\/sturehof.com\/en\/wp-content\/uploads\/sites\/2\/2022\/05\/Stirehof_om_oss_image.jpg\" \/>\n<meta name=\"twitter:card\" content=\"summary_large_image\" \/>\n<meta name=\"twitter:label1\" content=\"Est. reading time\" \/>\n\t<meta name=\"twitter:data1\" content=\"2 minutes\" \/>\n<script type=\"application\/ld+json\" class=\"yoast-schema-graph\">{\"@context\":\"https:\/\/schema.org\",\"@graph\":[{\"@type\":\"WebPage\",\"@id\":\"https:\/\/sturehof.com\/en\/about-us\/\",\"url\":\"https:\/\/sturehof.com\/en\/about-us\/\",\"name\":\"About us - Sturehof EN\",\"isPartOf\":{\"@id\":\"https:\/\/sturehof.com\/en\/#website\"},\"primaryImageOfPage\":{\"@id\":\"https:\/\/sturehof.com\/en\/about-us\/#primaryimage\"},\"image\":{\"@id\":\"https:\/\/sturehof.com\/en\/about-us\/#primaryimage\"},\"thumbnailUrl\":\"https:\/\/sturehof.com\/en\/wp-content\/uploads\/sites\/2\/2022\/05\/Stirehof_om_oss_image.jpg\",\"datePublished\":\"2022-04-05T10:46:07+00:00\",\"dateModified\":\"2025-10-01T10:11:19+00:00\",\"breadcrumb\":{\"@id\":\"https:\/\/sturehof.com\/en\/about-us\/#breadcrumb\"},\"inLanguage\":\"en-US\",\"potentialAction\":[{\"@type\":\"ReadAction\",\"target\":[\"https:\/\/sturehof.com\/en\/about-us\/\"]}]},{\"@type\":\"ImageObject\",\"inLanguage\":\"en-US\",\"@id\":\"https:\/\/sturehof.com\/en\/about-us\/#primaryimage\",\"url\":\"https:\/\/sturehof.com\/en\/wp-content\/uploads\/sites\/2\/2022\/05\/Stirehof_om_oss_image.jpg\",\"contentUrl\":\"https:\/\/sturehof.com\/en\/wp-content\/uploads\/sites\/2\/2022\/05\/Stirehof_om_oss_image.jpg\",\"width\":2560,\"height\":764},{\"@type\":\"BreadcrumbList\",\"@id\":\"https:\/\/sturehof.com\/en\/about-us\/#breadcrumb\",\"itemListElement\":[{\"@type\":\"ListItem\",\"position\":1,\"name\":\"Home\",\"item\":\"https:\/\/sturehof.com\/en\/\"},{\"@type\":\"ListItem\",\"position\":2,\"name\":\"About us\"}]},{\"@type\":\"WebSite\",\"@id\":\"https:\/\/sturehof.com\/en\/#website\",\"url\":\"https:\/\/sturehof.com\/en\/\",\"name\":\"Sturehof EN\",\"description\":\"\",\"publisher\":{\"@id\":\"https:\/\/sturehof.com\/en\/#organization\"},\"potentialAction\":[{\"@type\":\"SearchAction\",\"target\":{\"@type\":\"EntryPoint\",\"urlTemplate\":\"https:\/\/sturehof.com\/en\/?s={search_term_string}\"},\"query-input\":{\"@type\":\"PropertyValueSpecification\",\"valueRequired\":true,\"valueName\":\"search_term_string\"}}],\"inLanguage\":\"en-US\"},{\"@type\":\"Organization\",\"@id\":\"https:\/\/sturehof.com\/en\/#organization\",\"name\":\"Sturehof EN\",\"url\":\"https:\/\/sturehof.com\/en\/\",\"logo\":{\"@type\":\"ImageObject\",\"inLanguage\":\"en-US\",\"@id\":\"https:\/\/sturehof.com\/en\/#\/schema\/logo\/image\/\",\"url\":\"https:\/\/sturehof.com\/en\/wp-content\/uploads\/sites\/2\/2022\/08\/cropped-Sturehof_fisk.png\",\"contentUrl\":\"https:\/\/sturehof.com\/en\/wp-content\/uploads\/sites\/2\/2022\/08\/cropped-Sturehof_fisk.png\",\"width\":513,\"height\":513,\"caption\":\"Sturehof EN\"},\"image\":{\"@id\":\"https:\/\/sturehof.com\/en\/#\/schema\/logo\/image\/\"}}]}<\/script>\n<!-- \/ Yoast SEO plugin. -->","yoast_head_json":{"title":"About us - Sturehof EN","robots":{"index":"noindex","follow":"follow","max-snippet":"max-snippet:-1","max-image-preview":"max-image-preview:large","max-video-preview":"max-video-preview:-1"},"og_locale":"en_US","og_type":"article","og_title":"About us - Sturehof EN","og_description":"More than a restaurant Sturehof, which opened in 1897, is a modern social hub in central Stockholm and is in the centre of Stureplan. A brasserie with Swedish influences, self-produced ingredients, and a vibrant cultural scene, Sturehof opens in the early morning to late at night, 365 days a year.. Our history Sturehof&#8217;s history began [&hellip;]","og_url":"https:\/\/sturehof.com\/en\/about-us\/","og_site_name":"Sturehof EN","article_modified_time":"2025-10-01T10:11:19+00:00","og_image":[{"url":"https:\/\/sturehof.com\/en\/wp-content\/uploads\/sites\/2\/2022\/05\/Stirehof_om_oss_image.jpg","type":"","width":"","height":""}],"twitter_card":"summary_large_image","twitter_misc":{"Est. reading time":"2 minutes"},"schema":{"@context":"https:\/\/schema.org","@graph":[{"@type":"WebPage","@id":"https:\/\/sturehof.com\/en\/about-us\/","url":"https:\/\/sturehof.com\/en\/about-us\/","name":"About us - Sturehof EN","isPartOf":{"@id":"https:\/\/sturehof.com\/en\/#website"},"primaryImageOfPage":{"@id":"https:\/\/sturehof.com\/en\/about-us\/#primaryimage"},"image":{"@id":"https:\/\/sturehof.com\/en\/about-us\/#primaryimage"},"thumbnailUrl":"https:\/\/sturehof.com\/en\/wp-content\/uploads\/sites\/2\/2022\/05\/Stirehof_om_oss_image.jpg","datePublished":"2022-04-05T10:46:07+00:00","dateModified":"2025-10-01T10:11:19+00:00","breadcrumb":{"@id":"https:\/\/sturehof.com\/en\/about-us\/#breadcrumb"},"inLanguage":"en-US","potentialAction":[{"@type":"ReadAction","target":["https:\/\/sturehof.com\/en\/about-us\/"]}]},{"@type":"ImageObject","inLanguage":"en-US","@id":"https:\/\/sturehof.com\/en\/about-us\/#primaryimage","url":"https:\/\/sturehof.com\/en\/wp-content\/uploads\/sites\/2\/2022\/05\/Stirehof_om_oss_image.jpg","contentUrl":"https:\/\/sturehof.com\/en\/wp-content\/uploads\/sites\/2\/2022\/05\/Stirehof_om_oss_image.jpg","width":2560,"height":764},{"@type":"BreadcrumbList","@id":"https:\/\/sturehof.com\/en\/about-us\/#breadcrumb","itemListElement":[{"@type":"ListItem","position":1,"name":"Home","item":"https:\/\/sturehof.com\/en\/"},{"@type":"ListItem","position":2,"name":"About us"}]},{"@type":"WebSite","@id":"https:\/\/sturehof.com\/en\/#website","url":"https:\/\/sturehof.com\/en\/","name":"Sturehof EN","description":"","publisher":{"@id":"https:\/\/sturehof.com\/en\/#organization"},"potentialAction":[{"@type":"SearchAction","target":{"@type":"EntryPoint","urlTemplate":"https:\/\/sturehof.com\/en\/?s={search_term_string}"},"query-input":{"@type":"PropertyValueSpecification","valueRequired":true,"valueName":"search_term_string"}}],"inLanguage":"en-US"},{"@type":"Organization","@id":"https:\/\/sturehof.com\/en\/#organization","name":"Sturehof EN","url":"https:\/\/sturehof.com\/en\/","logo":{"@type":"ImageObject","inLanguage":"en-US","@id":"https:\/\/sturehof.com\/en\/#\/schema\/logo\/image\/","url":"https:\/\/sturehof.com\/en\/wp-content\/uploads\/sites\/2\/2022\/08\/cropped-Sturehof_fisk.png","contentUrl":"https:\/\/sturehof.com\/en\/wp-content\/uploads\/sites\/2\/2022\/08\/cropped-Sturehof_fisk.png","width":513,"height":513,"caption":"Sturehof EN"},"image":{"@id":"https:\/\/sturehof.com\/en\/#\/schema\/logo\/image\/"}}]}},"_links":{"self":[{"href":"https:\/\/sturehof.com\/en\/wp-json\/wp\/v2\/pages\/3870","targetHints":{"allow":["GET"]}}],"collection":[{"href":"https:\/\/sturehof.com\/en\/wp-json\/wp\/v2\/pages"}],"about":[{"href":"https:\/\/sturehof.com\/en\/wp-json\/wp\/v2\/types\/page"}],"author":[{"embeddable":true,"href":"https:\/\/sturehof.com\/en\/wp-json\/wp\/v2\/users\/2"}],"replies":[{"embeddable":true,"href":"https:\/\/sturehof.com\/en\/wp-json\/wp\/v2\/comments?post=3870"}],"version-history":[{"count":5,"href":"https:\/\/sturehof.com\/en\/wp-json\/wp\/v2\/pages\/3870\/revisions"}],"predecessor-version":[{"id":15529,"href":"https:\/\/sturehof.com\/en\/wp-json\/wp\/v2\/pages\/3870\/revisions\/15529"}],"wp:attachment":[{"href":"https:\/\/sturehof.com\/en\/wp-json\/wp\/v2\/media?parent=3870"}],"curies":[{"name":"wp","href":"https:\/\/api.w.org\/{rel}","templated":true}]}}