{"id":3763,"date":"2021-11-12T10:46:41","date_gmt":"2021-11-12T09:46:41","guid":{"rendered":"https:\/\/sturehof.com\/?page_id=3763"},"modified":"2021-11-23T14:04:32","modified_gmt":"2021-11-23T13:04:32","slug":"startsida-demo","status":"publish","type":"page","link":"https:\/\/sturehof.com\/en\/startsida-demo\/","title":{"rendered":"Startsida &#8211; demo"},"content":{"rendered":"\n<h1>\n\t\tH\u00e4r skriver vi n\u00e5got annat\n\t<\/h1>\n\t<p>Mj\u00f6l producerat helt utan tillsatser. Som det skall vara<\/p>\n\t\t\t<a href=\"https:\/\/sturehof.com\/\" target=\"_self\" role=\"button\" rel=\"noopener\">\n\t\t\t\t\t\t\tHandla v\u00e5rt cykel\n\t\t\t<\/a>\n\t\t\t<a href=\"#start\" target=\"_self\" role=\"button\" rel=\"noopener\">\n\t\t\t\t\t\t\t<\/a>\n<h2>\n\t\tVi \u00e4r ett f\u00f6retag som under m\u00e5nga generationer levererat h\u00f6gkvalitativa produkter\n\t<\/h2>\n\t<p>Orga Kvarn \u00e4r ett f\u00f6retag som \u00e4gs av familjen Nyman. Orga Kvarn har varit i familjen Nymans \u00e4go sedan 1936. Lennart \u00e4r fj\u00e4rde generationen Nyman som \u00e4r mj\u00f6lnare.<\/p>\n<p>Hos oss f\u00e5r du personlig service och snabb leverans. I en butik ansluten till kvarnen kan du handla bl.a. mj\u00f6l av alla sorter, djurfoder, vitaminer, mineraler till alla djur, te i l\u00f6svikt, nymalet kaffe fr\u00e5n egen kvarn. Fogas sortiment p\u00e5 djurtillbeh\u00f6r och presentartiklar .m.m.<\/p>\n\t\t\t\t\t\t\t\t<h2>\n\t\t\t\t\t\t\t\t\t\t\t\t\t\t\t\t\t\t<a href=\"https:\/\/frans-theme.wetail.shop\/shop\" title=\"Vetemj\u00f6l\" target=\"_self\" rel=\"noopener\">\n\t\t\t\t\t\t\t\t\t\tVetemj\u00f6l\n\t\t\t\t\t\t\t\t\t\t\t\t\t\t\t\t\t\t<\/a>\n\t\t\t\t\t\t\t\t<\/h2>\n\t\t\t\t\t\t\t\t\t\t\t\t\t\t\t\t<p>Perfekt f\u00f6r baking hemma<\/p>\n<p>&nbsp;<\/p>\n\t\t\t<a href=\"https:\/\/frans-theme.wetail.shop\/shop\" target=\"_self\" role=\"button\" rel=\"noopener\">\n\t\t\t\t\t\t\tL\u00e4s mer\n\t\t\t<\/a>\n\t\t\t\t\t\t\t\t<h2>\n\t\t\t\t\t\t\t\t\t\t\t\t\t\t\t\t\t\t<a href=\"https:\/\/frans-theme.wetail.shop\/shop\" title=\"Graham\" target=\"_self\" rel=\"noopener\">\n\t\t\t\t\t\t\t\t\t\tGraham\n\t\t\t\t\t\t\t\t\t\t\t\t\t\t\t\t\t\t<\/a>\n\t\t\t\t\t\t\t\t<\/h2>\n\t\t\t\t\t\t\t\t\t\t\t\t\t\t\t\t<p>B\u00e4ttre mj\u00f6l \u00e4r sv\u00e5rt att hitta<\/p>\n<p>&nbsp;<\/p>\n\t\t\t<a href=\"https:\/\/frans-theme.wetail.shop\/shop\" target=\"_self\" role=\"button\" rel=\"noopener\">\n\t\t\t\t\t\t\tBest\u00e4ll h\u00e4r\n\t\t\t<\/a>\n\t\t\t\t\t\t\t\t<h2>\n\t\t\t\t\t\t\t\t\t\t\t\t\t\t\t\t\t\t<a href=\"https:\/\/frans-theme.wetail.shop\/shop\" title=\"Br\u00f6dmix\" target=\"_self\" rel=\"noopener\">\n\t\t\t\t\t\t\t\t\t\tBr\u00f6dmix\n\t\t\t\t\t\t\t\t\t\t\t\t\t\t\t\t\t\t<\/a>\n\t\t\t\t\t\t\t\t<\/h2>\n\t\t\t\t\t\t\t\t\t\t\t\t\t\t\t\t<p>Ett m\u00e5ste f\u00f6r den passionerade<\/p>\n<p>&nbsp;<\/p>\n\t\t\t<a href=\"https:\/\/frans-theme.wetail.shop\/shop\" target=\"_self\" role=\"button\" rel=\"noopener\">\n\t\t\t\t\t\t\tL\u00e4s mer\n\t\t\t<\/a>\n<h2>\n\t\tNews!\n\t<\/h2>\n[recent_products per_page=&#8221;5&#8243; columns=&#8221;5&#8243; orderby=&#8221;menu_order&#8221; order=&#8221;ASC&#8221;]\n\t\t\t\t<img decoding=\"async\" src=\"https:\/\/sturehof.com\/wp-content\/plugins\/bb-plugin\/img\/pixel.png\" alt=\"\" itemprop=\"image\" onerror=\"this.style.display='none'\"  \/>\n<h2>\n\t\tLasts a lifetime &#8211; At all time\n\t<\/h2>\n\t<p>Bacon ipsum dolor amet frankfurter beef ribs tail, hamburger capicola ham cow bresaola. Cow andouille rump short loin swine t-bone chuck beef buffalo brisket. Short loin flank beef, ball tip jowl ham hock buffalo alcatra beef ribs pork chop meatloaf filet mignon short ribs andouille. Short ribs pork loin venison, bacon ball tip rump prosciutto.<\/p>\n\n<p><a href=\"\/shop\">Read more<\/a><\/p>\n\t\t\t\t<img loading=\"lazy\" decoding=\"async\" src=\"https:\/\/frans-theme.wetail.shop\/wp-content\/uploads\/2019\/03\/1973.jpg\" alt=\"1973\" itemprop=\"image\" height=\"533\" width=\"800\" title=\"1973\" onerror=\"this.style.display='none'\"  \/>\n<h2>\n\t\tSignup for news &#038; offers!\n\t<\/h2>\n\t\t\t<h3>Testimonials<\/h3>\n\t\t\t<p><img loading=\"lazy\" decoding=\"async\" src=\"https:\/\/frans-theme.wetail.shop\/wp-content\/uploads\/2019\/03\/happy_testimonals-150x150.jpg\" alt=\"\" width=\"150\" height=\"150\" \/><br \/>The most comfortable shoe, I wear them for dinner, business meetings and walks in the park. My wife got her own pair now and it saved our marriage.\u00a0<\/p>\t\t\n\t\t\t<p><img loading=\"lazy\" decoding=\"async\" src=\"https:\/\/frans-theme.wetail.shop\/wp-content\/uploads\/2019\/03\/speedy_testimonals-150x150.jpg\" alt=\"\" width=\"150\" height=\"150\" \/><br \/>Light weight and comfy! On my second day I improved my running by 1:40 min, I&#8217;m under 10 minutes per mile now. Never been happier!<\/p>\t\t\n\n","protected":false},"excerpt":{"rendered":"<p>H\u00e4r skriver vi n\u00e5got annat Mj\u00f6l producerat helt utan tillsatser. Som det skall vara Handla v\u00e5rt cykel Vi \u00e4r ett f\u00f6retag som under m\u00e5nga generationer levererat h\u00f6gkvalitativa produkter Orga Kvarn \u00e4r ett f\u00f6retag som \u00e4gs av familjen Nyman. Orga Kvarn har varit i familjen Nymans \u00e4go sedan 1936. Lennart \u00e4r fj\u00e4rde generationen Nyman som \u00e4r [&hellip;]<\/p>\n","protected":false},"author":2,"featured_media":0,"parent":0,"menu_order":0,"comment_status":"closed","ping_status":"closed","template":"","meta":{"_acf_changed":false,"footnotes":""},"class_list":["post-3763","page","type-page","status-publish","hentry"],"acf":[],"yoast_head":"<!-- This site is optimized with the Yoast SEO plugin v27.2 - https:\/\/yoast.com\/product\/yoast-seo-wordpress\/ -->\n<title>Startsida - demo - Sturehof EN<\/title>\n<meta name=\"robots\" content=\"noindex, follow, max-snippet:-1, max-image-preview:large, max-video-preview:-1\" \/>\n<meta property=\"og:locale\" content=\"en_US\" \/>\n<meta property=\"og:type\" content=\"article\" \/>\n<meta property=\"og:title\" content=\"Startsida - demo - Sturehof EN\" \/>\n<meta property=\"og:description\" content=\"H\u00e4r skriver vi n\u00e5got annat Mj\u00f6l producerat helt utan tillsatser. Som det skall vara Handla v\u00e5rt cykel Vi \u00e4r ett f\u00f6retag som under m\u00e5nga generationer levererat h\u00f6gkvalitativa produkter Orga Kvarn \u00e4r ett f\u00f6retag som \u00e4gs av familjen Nyman. Orga Kvarn har varit i familjen Nymans \u00e4go sedan 1936. Lennart \u00e4r fj\u00e4rde generationen Nyman som \u00e4r [&hellip;]\" \/>\n<meta property=\"og:url\" content=\"https:\/\/sturehof.com\/en\/startsida-demo\/\" \/>\n<meta property=\"og:site_name\" content=\"Sturehof EN\" \/>\n<meta property=\"article:modified_time\" content=\"2021-11-23T13:04:32+00:00\" \/>\n<meta property=\"og:image\" content=\"https:\/\/sturehof.com\/wp-content\/plugins\/bb-plugin\/img\/pixel.png\" \/>\n<meta name=\"twitter:card\" content=\"summary_large_image\" \/>\n<meta name=\"twitter:label1\" content=\"Est. reading time\" \/>\n\t<meta name=\"twitter:data1\" content=\"2 minutes\" \/>\n<script type=\"application\/ld+json\" class=\"yoast-schema-graph\">{\"@context\":\"https:\/\/schema.org\",\"@graph\":[{\"@type\":\"WebPage\",\"@id\":\"https:\/\/sturehof.com\/en\/startsida-demo\/\",\"url\":\"https:\/\/sturehof.com\/en\/startsida-demo\/\",\"name\":\"Startsida - demo - Sturehof EN\",\"isPartOf\":{\"@id\":\"https:\/\/sturehof.com\/en\/#website\"},\"primaryImageOfPage\":{\"@id\":\"https:\/\/sturehof.com\/en\/startsida-demo\/#primaryimage\"},\"image\":{\"@id\":\"https:\/\/sturehof.com\/en\/startsida-demo\/#primaryimage\"},\"thumbnailUrl\":\"https:\/\/sturehof.com\/wp-content\/plugins\/bb-plugin\/img\/pixel.png\",\"datePublished\":\"2021-11-12T09:46:41+00:00\",\"dateModified\":\"2021-11-23T13:04:32+00:00\",\"breadcrumb\":{\"@id\":\"https:\/\/sturehof.com\/en\/startsida-demo\/#breadcrumb\"},\"inLanguage\":\"en-US\",\"potentialAction\":[{\"@type\":\"ReadAction\",\"target\":[\"https:\/\/sturehof.com\/en\/startsida-demo\/\"]}]},{\"@type\":\"ImageObject\",\"inLanguage\":\"en-US\",\"@id\":\"https:\/\/sturehof.com\/en\/startsida-demo\/#primaryimage\",\"url\":\"https:\/\/sturehof.com\/wp-content\/plugins\/bb-plugin\/img\/pixel.png\",\"contentUrl\":\"https:\/\/sturehof.com\/wp-content\/plugins\/bb-plugin\/img\/pixel.png\"},{\"@type\":\"BreadcrumbList\",\"@id\":\"https:\/\/sturehof.com\/en\/startsida-demo\/#breadcrumb\",\"itemListElement\":[{\"@type\":\"ListItem\",\"position\":1,\"name\":\"Home\",\"item\":\"https:\/\/sturehof.com\/en\/\"},{\"@type\":\"ListItem\",\"position\":2,\"name\":\"Startsida &#8211; demo\"}]},{\"@type\":\"WebSite\",\"@id\":\"https:\/\/sturehof.com\/en\/#website\",\"url\":\"https:\/\/sturehof.com\/en\/\",\"name\":\"Sturehof EN\",\"description\":\"\",\"publisher\":{\"@id\":\"https:\/\/sturehof.com\/en\/#organization\"},\"potentialAction\":[{\"@type\":\"SearchAction\",\"target\":{\"@type\":\"EntryPoint\",\"urlTemplate\":\"https:\/\/sturehof.com\/en\/?s={search_term_string}\"},\"query-input\":{\"@type\":\"PropertyValueSpecification\",\"valueRequired\":true,\"valueName\":\"search_term_string\"}}],\"inLanguage\":\"en-US\"},{\"@type\":\"Organization\",\"@id\":\"https:\/\/sturehof.com\/en\/#organization\",\"name\":\"Sturehof EN\",\"url\":\"https:\/\/sturehof.com\/en\/\",\"logo\":{\"@type\":\"ImageObject\",\"inLanguage\":\"en-US\",\"@id\":\"https:\/\/sturehof.com\/en\/#\/schema\/logo\/image\/\",\"url\":\"https:\/\/sturehof.com\/en\/wp-content\/uploads\/sites\/2\/2022\/08\/cropped-Sturehof_fisk.png\",\"contentUrl\":\"https:\/\/sturehof.com\/en\/wp-content\/uploads\/sites\/2\/2022\/08\/cropped-Sturehof_fisk.png\",\"width\":513,\"height\":513,\"caption\":\"Sturehof EN\"},\"image\":{\"@id\":\"https:\/\/sturehof.com\/en\/#\/schema\/logo\/image\/\"}}]}<\/script>\n<!-- \/ Yoast SEO plugin. -->","yoast_head_json":{"title":"Startsida - demo - Sturehof EN","robots":{"index":"noindex","follow":"follow","max-snippet":"max-snippet:-1","max-image-preview":"max-image-preview:large","max-video-preview":"max-video-preview:-1"},"og_locale":"en_US","og_type":"article","og_title":"Startsida - demo - Sturehof EN","og_description":"H\u00e4r skriver vi n\u00e5got annat Mj\u00f6l producerat helt utan tillsatser. Som det skall vara Handla v\u00e5rt cykel Vi \u00e4r ett f\u00f6retag som under m\u00e5nga generationer levererat h\u00f6gkvalitativa produkter Orga Kvarn \u00e4r ett f\u00f6retag som \u00e4gs av familjen Nyman. Orga Kvarn har varit i familjen Nymans \u00e4go sedan 1936. Lennart \u00e4r fj\u00e4rde generationen Nyman som \u00e4r [&hellip;]","og_url":"https:\/\/sturehof.com\/en\/startsida-demo\/","og_site_name":"Sturehof EN","article_modified_time":"2021-11-23T13:04:32+00:00","og_image":[{"url":"https:\/\/sturehof.com\/wp-content\/plugins\/bb-plugin\/img\/pixel.png","type":"","width":"","height":""}],"twitter_card":"summary_large_image","twitter_misc":{"Est. reading time":"2 minutes"},"schema":{"@context":"https:\/\/schema.org","@graph":[{"@type":"WebPage","@id":"https:\/\/sturehof.com\/en\/startsida-demo\/","url":"https:\/\/sturehof.com\/en\/startsida-demo\/","name":"Startsida - demo - Sturehof EN","isPartOf":{"@id":"https:\/\/sturehof.com\/en\/#website"},"primaryImageOfPage":{"@id":"https:\/\/sturehof.com\/en\/startsida-demo\/#primaryimage"},"image":{"@id":"https:\/\/sturehof.com\/en\/startsida-demo\/#primaryimage"},"thumbnailUrl":"https:\/\/sturehof.com\/wp-content\/plugins\/bb-plugin\/img\/pixel.png","datePublished":"2021-11-12T09:46:41+00:00","dateModified":"2021-11-23T13:04:32+00:00","breadcrumb":{"@id":"https:\/\/sturehof.com\/en\/startsida-demo\/#breadcrumb"},"inLanguage":"en-US","potentialAction":[{"@type":"ReadAction","target":["https:\/\/sturehof.com\/en\/startsida-demo\/"]}]},{"@type":"ImageObject","inLanguage":"en-US","@id":"https:\/\/sturehof.com\/en\/startsida-demo\/#primaryimage","url":"https:\/\/sturehof.com\/wp-content\/plugins\/bb-plugin\/img\/pixel.png","contentUrl":"https:\/\/sturehof.com\/wp-content\/plugins\/bb-plugin\/img\/pixel.png"},{"@type":"BreadcrumbList","@id":"https:\/\/sturehof.com\/en\/startsida-demo\/#breadcrumb","itemListElement":[{"@type":"ListItem","position":1,"name":"Home","item":"https:\/\/sturehof.com\/en\/"},{"@type":"ListItem","position":2,"name":"Startsida &#8211; demo"}]},{"@type":"WebSite","@id":"https:\/\/sturehof.com\/en\/#website","url":"https:\/\/sturehof.com\/en\/","name":"Sturehof EN","description":"","publisher":{"@id":"https:\/\/sturehof.com\/en\/#organization"},"potentialAction":[{"@type":"SearchAction","target":{"@type":"EntryPoint","urlTemplate":"https:\/\/sturehof.com\/en\/?s={search_term_string}"},"query-input":{"@type":"PropertyValueSpecification","valueRequired":true,"valueName":"search_term_string"}}],"inLanguage":"en-US"},{"@type":"Organization","@id":"https:\/\/sturehof.com\/en\/#organization","name":"Sturehof EN","url":"https:\/\/sturehof.com\/en\/","logo":{"@type":"ImageObject","inLanguage":"en-US","@id":"https:\/\/sturehof.com\/en\/#\/schema\/logo\/image\/","url":"https:\/\/sturehof.com\/en\/wp-content\/uploads\/sites\/2\/2022\/08\/cropped-Sturehof_fisk.png","contentUrl":"https:\/\/sturehof.com\/en\/wp-content\/uploads\/sites\/2\/2022\/08\/cropped-Sturehof_fisk.png","width":513,"height":513,"caption":"Sturehof EN"},"image":{"@id":"https:\/\/sturehof.com\/en\/#\/schema\/logo\/image\/"}}]}},"_links":{"self":[{"href":"https:\/\/sturehof.com\/en\/wp-json\/wp\/v2\/pages\/3763","targetHints":{"allow":["GET"]}}],"collection":[{"href":"https:\/\/sturehof.com\/en\/wp-json\/wp\/v2\/pages"}],"about":[{"href":"https:\/\/sturehof.com\/en\/wp-json\/wp\/v2\/types\/page"}],"author":[{"embeddable":true,"href":"https:\/\/sturehof.com\/en\/wp-json\/wp\/v2\/users\/2"}],"replies":[{"embeddable":true,"href":"https:\/\/sturehof.com\/en\/wp-json\/wp\/v2\/comments?post=3763"}],"version-history":[{"count":5,"href":"https:\/\/sturehof.com\/en\/wp-json\/wp\/v2\/pages\/3763\/revisions"}],"predecessor-version":[{"id":3787,"href":"https:\/\/sturehof.com\/en\/wp-json\/wp\/v2\/pages\/3763\/revisions\/3787"}],"wp:attachment":[{"href":"https:\/\/sturehof.com\/en\/wp-json\/wp\/v2\/media?parent=3763"}],"curies":[{"name":"wp","href":"https:\/\/api.w.org\/{rel}","templated":true}]}}